{"id":428,"date":"2021-05-02T14:57:32","date_gmt":"2021-05-02T14:57:32","guid":{"rendered":"http:\/\/allatmentoliga.com\/?page_id=428"},"modified":"2021-05-08T18:47:04","modified_gmt":"2021-05-08T18:47:04","slug":"hirlevel","status":"publish","type":"page","link":"https:\/\/allatmentoliga.com\/index.php\/hirlevel\/","title":{"rendered":"Feliratkoz\u00e1s h\u00edrlev\u00e9lre"},"content":{"rendered":"<div id=\"fb-root\"><\/div>\n<p>\u00a0<\/p>\n<h1>Feliratkoz\u00e1s Hirlev\u00e9lre<\/h1>\n\n\n\n\n<pre class=\"wp-block-code\"><code>T\u00e1j\u00e9koztatjuk, hogy a Feliratkoz\u00e1s gomb megnyom\u00e1s\u00e1val, elfogadja az Adatkezel\u00e9si T\u00e1j\u00e9koztat\u00f3nkat. Amennyiben m\u00e9g nem olvasta \u00e1t, ide kattintva megteheti: <a href=\"https:\/\/allatmentoliga.com\/index.php\/adatkezelesi-tajekoztato\/\" data-type=\"URL\" data-id=\"https:\/\/allatmentoliga.com\/index.php\/adatkezelesi-tajekoztato\/\">https:\/\/allatmentoliga.com\/index.php\/adatkezelesi-tajekoztato\/<\/a><\/code><\/pre>\n","protected":false},"excerpt":{"rendered":"<p>\u00a0 Feliratkoz\u00e1s Hirlev\u00e9lre<\/p>\n","protected":false},"author":1,"featured_media":0,"parent":0,"menu_order":0,"comment_status":"closed","ping_status":"closed","template":"","meta":{"footnotes":""},"class_list":["post-428","page","type-page","status-publish","hentry"],"_links":{"self":[{"href":"https:\/\/allatmentoliga.com\/index.php\/wp-json\/wp\/v2\/pages\/428","targetHints":{"allow":["GET"]}}],"collection":[{"href":"https:\/\/allatmentoliga.com\/index.php\/wp-json\/wp\/v2\/pages"}],"about":[{"href":"https:\/\/allatmentoliga.com\/index.php\/wp-json\/wp\/v2\/types\/page"}],"author":[{"embeddable":true,"href":"https:\/\/allatmentoliga.com\/index.php\/wp-json\/wp\/v2\/users\/1"}],"replies":[{"embeddable":true,"href":"https:\/\/allatmentoliga.com\/index.php\/wp-json\/wp\/v2\/comments?post=428"}],"version-history":[{"count":5,"href":"https:\/\/allatmentoliga.com\/index.php\/wp-json\/wp\/v2\/pages\/428\/revisions"}],"predecessor-version":[{"id":535,"href":"https:\/\/allatmentoliga.com\/index.php\/wp-json\/wp\/v2\/pages\/428\/revisions\/535"}],"wp:attachment":[{"href":"https:\/\/allatmentoliga.com\/index.php\/wp-json\/wp\/v2\/media?parent=428"}],"curies":[{"name":"wp","href":"https:\/\/api.w.org\/{rel}","templated":true}]}}